{"id":108,"date":"2023-04-02T13:07:45","date_gmt":"2023-04-02T10:07:45","guid":{"rendered":"https:\/\/mustasappi.com\/?page_id=108"},"modified":"2025-10-29T07:29:58","modified_gmt":"2025-10-29T05:29:58","slug":"kayttoehdot","status":"publish","type":"page","link":"https:\/\/mustasappi.com\/index.php\/kayttoehdot\/","title":{"rendered":"K\u00e4ytt\u00f6ehdot"},"content":{"rendered":"\n<div class=\"wp-block-group has-white-background-color has-background\"><div class=\"wp-block-group__inner-container is-layout-constrained wp-block-group-is-layout-constrained\">\n<h2 class=\"wp-block-heading\" id=\"tilaus\">1. Tilaus<\/h2>\n\n\n\n<p>Tilattavat tuotteet valitaan verkkosivuilla lis\u00e4\u00e4m\u00e4ll\u00e4 ne ostoskoriin. Tilaus l\u00e4hetet\u00e4\u00e4n maksamalla ostoskorin sis\u00e4lt\u00f6 verkkokaupan kassatoiminnossa. Tehdess\u00e4si tilauksen hyv\u00e4ksyt n\u00e4m\u00e4 toimitusehdot, tuotteiden hinnat sek\u00e4 toimituskulut. <\/p>\n\n\n\n<h2 class=\"wp-block-heading\" id=\"maksaminen\">2. Maksaminen<\/h2>\n\n\n\n<p>Maksunv\u00e4litt\u00e4j\u00e4n\u00e4 toimii WooPayments (mobiilimaksutavat, korttimaksaminen ja Klarna) jonka avulla maksusi k\u00e4sitell\u00e4\u00e4n turvallisesti, nopeasti ja sujuvasti<\/p>\n\n\n\n<p><img loading=\"lazy\" decoding=\"async\" width=\"150\" height=\"38\" class=\"wp-image-1169\" style=\"width: 150px;\" src=\"http:\/\/mustasappi.com\/wp-content\/uploads\/2025\/10\/1000058510.jpg\" alt=\"\" srcset=\"https:\/\/mustasappi.com\/wp-content\/uploads\/2025\/10\/1000058510.jpg 1114w, https:\/\/mustasappi.com\/wp-content\/uploads\/2025\/10\/1000058510-300x77.jpg 300w, https:\/\/mustasappi.com\/wp-content\/uploads\/2025\/10\/1000058510-1024x262.jpg 1024w, https:\/\/mustasappi.com\/wp-content\/uploads\/2025\/10\/1000058510-768x196.jpg 768w, https:\/\/mustasappi.com\/wp-content\/uploads\/2025\/10\/1000058510-324x83.jpg 324w, https:\/\/mustasappi.com\/wp-content\/uploads\/2025\/10\/1000058510-416x106.jpg 416w\" sizes=\"auto, (max-width: 150px) 100vw, 150px\" \/><\/p>\n\n\n\n<p><strong>Mobiilimaksaminen<\/strong>:<\/p>\n\n\n\n<ul class=\"wp-block-list\">\n<li>Google Pay ja Apple Pay<\/li>\n<\/ul>\n\n\n\n<p><strong>Korttimaksaminen<\/strong>:<\/p>\n\n\n\n<ul class=\"wp-block-list\">\n<li>Visa, Visa Electron ja Mastercard<\/li>\n<\/ul>\n\n\n\n<p><strong>Klarna<\/strong>:<\/p>\n\n\n\n<ul class=\"wp-block-list\">\n<li>Klarnalla voit maksaa ostokset laskulla heti tai, kun olet vastaanottanut ne. Klarna mahdollistaa my\u00f6s ostosten jakamisen useampaan er\u00e4\u00e4n.<\/li>\n<\/ul>\n\n\n\n<h2 class=\"wp-block-heading\" id=\"toimitus\">3. Toimitus<\/h2>\n\n\n\n<h3 class=\"wp-block-heading\" id=\"toimituskuluttesti\">Toimituskulut<\/h3>\n\n\n\n<p>Tilauksesta mahdollisesti veloitettavat toimituskulut riippuvat itse tuotteesta (esim. paino, pakkaus) ja valitusta toimitustavasta ja ne lis\u00e4t\u00e4\u00e4n automaattisesti tilauksen loppusummaan. N\u00e4et tilauksestasi veloitettavat toimituskulut (jos toimituskuluja veloitetaan) ostoskoristasi ennen kuin hyv\u00e4ksyt tilauksen.<\/p>\n\n\n\n<h3 class=\"wp-block-heading\" id=\"toimitustavat\">Toimitustavat<\/h3>\n\n\n\n<p>L\u00e4hetyksen koosta riippuen toimitamme tuotteet kirjeen\u00e4 postilaatikkoon tai pakettina l\u00e4himp\u00e4\u00e4n Postin noutopisteeseen.<\/p>\n\n\n\n<h3 class=\"wp-block-heading\" id=\"toimitusaika\">Toimitusaika<\/h3>\n\n\n\n<p>Tilaukset pyrit\u00e4\u00e4n l\u00e4hett\u00e4m\u00e4\u00e4n 5-10 arkip\u00e4iv\u00e4n kuluessa.<\/p>\n\n\n\n<h3 class=\"wp-block-heading\" id=\"lahetyksen_tarkistus\">L\u00e4hetyksen tarkistus, virheet ja ongelmatilanteet<\/h3>\n\n\n\n<p>Tarkistathan toimituksen heti sen saatuasi. Jos tuote on kadonnut tai vioittunut kuljetuksen aikana tai se ei muuten vastaa tilaustasi tai on virheellinen, ilmoitathan siit\u00e4 mahdollisimman pian ja viimeist\u00e4\u00e4n 14 p\u00e4iv\u00e4n kuluessa s\u00e4hk\u00f6postilla, niin sovimme miten saamme virheen korjattua. Kuluttajakaupassa noudatamme virheiden osalta pakottavia kuluttajasuojalain virhevastuus\u00e4\u00e4nn\u00f6ksi\u00e4.<\/p>\n\n\n\n<h2 class=\"wp-block-heading\" id=\"tilausvahvistus\">4. Tilausvahvistus<\/h2>\n\n\n\n<p>Mik\u00e4li tilaushetkell\u00e4 annetaan s\u00e4hk\u00f6postiosoite, onnistuneen tilauksen j\u00e4lkeen s\u00e4hk\u00f6postiisi l\u00e4hetet\u00e4\u00e4n tilausvahvistus. Tilausvahvistuksesta ilmenev\u00e4t tilatut tuotteet sek\u00e4 hinta. Tilausvahvistuksessa vahvistetaan my\u00f6s k\u00e4ytetty maksutapa. Jos emme jostain odottamattomasta syyst\u00e4 voi vahvistaa tilaustasi ilmoitamme siit\u00e4 s\u00e4hk\u00f6postiisi mahdollisimman pian.<\/p>\n\n\n\n<h2 class=\"wp-block-heading\" id=\"palautus\">5.  Palautus<\/h2>\n\n\n\n<h3 class=\"wp-block-heading\" id=\"peruutus_palautus\">Peruutusoikeus ja palautusehdot<\/h3>\n\n\n\n<p>Jos olet kuluttaja, sinulla on Suomen kuluttajansuojalain mukainen oikeus peruuttaa tilaus ilmoittamalla t\u00e4st\u00e4 meille viimeist\u00e4\u00e4n 14 p\u00e4iv\u00e4n kuluttua tavaran tai viimeisen tavaraer\u00e4n vastaanottamisesta taikka, jos kyse on tavaroiden s\u00e4\u00e4nn\u00f6llisest\u00e4 toimittamisesta, ensimm\u00e4isen tavaraer\u00e4n vastaanottamisesta.<\/p>\n\n\n\n<p>Peruuttamisilmoitus tulee tehd\u00e4 selke\u00e4sti s\u00e4hk\u00f6postiosoitteeseen: sappimusta@gmail.com. Saat vastausviestin\u00e4 palautusohjeet ja osoitteen.<\/p>\n\n\n\n<p>Peruutusoikeus koskee vain ja vastaavasti palautettavien tuotteiden on oltava alkuper\u00e4ispakkauksessa, k\u00e4ytt\u00e4m\u00e4tt\u00f6mi\u00e4 ja&nbsp; hyvin takaisinl\u00e4hetyst\u00e4 varten pakattuja.<\/p>\n\n\n\n<p>Jos kauppa perutaan, tavara on palautettava viivytyksett\u00e4 ja viimeist\u00e4\u00e4n 14 p\u00e4iv\u00e4n kuluttua peruuttamisilmoituksen tekemisest\u00e4 alla mainittuun Palautusosoitteeseemme. Palauttajan on tarvittaessa n\u00e4ytett\u00e4v\u00e4 toteen, ett\u00e4 tavara on palautettu m\u00e4\u00e4r\u00e4ajassa, esimerkiksi palautuskuitilla. Palauttajan on maksettava palauttamisesta aiheutuvat kustannukset. N\u00e4it\u00e4 kustannuksia ei makseta takaisin palauttajalle.<\/p>\n\n\n\n<p>Palautamme vastaavasti tilauksesta maksamasi rahat viivytyksett\u00e4 kuluttajasuojalain mukaisesti.<\/p>\n\n\n\n<h2 class=\"wp-block-heading\" id=\"vastuunrajoitus\">6. Vastuunrajoitus<\/h2>\n\n\n\n<p>Musta Sappi ei vastaa mist\u00e4\u00e4n tilaukseen, toimitukseen tai tuotteeseen liittyv\u00e4st\u00e4 tai mist\u00e4\u00e4n edell\u00e4 mainitusta aiheutuneesta v\u00e4lillisest\u00e4 tai v\u00e4litt\u00f6m\u00e4st\u00e4 tai muusta vahingosta paitsi siihen asti kuin pakottava m\u00e4\u00e4r\u00e4ys kuluttajanasuojalaissa tai muussa pakottavassa laissa on kyseisen vahingon osalta toisin m\u00e4\u00e4r\u00e4nnyt.<\/p>\n\n\n\n<h2 class=\"wp-block-heading\" id=\"tekijanoikeus\">7. Tekij\u00e4noikeus<\/h2>\n\n\n\n<p>Tuotteiden tekij\u00e4noikeus ja sivuston kaikkien kuvien tekij\u00e4noikeus on taiteilijalla. Niiden k\u00e4ytt\u00f6 ilman tekij\u00e4n suostumusta on kielletty.<\/p>\n\n\n\n<p>Taiteilija: Jukka Saranp\u00e4\u00e4<\/p>\n<\/div><\/div>\n\n\n","protected":false},"excerpt":{"rendered":"<p>1. Tilaus Tilattavat tuotteet valitaan verkkosivuilla lis\u00e4\u00e4m\u00e4ll\u00e4 ne ostoskoriin. Tilaus l\u00e4hetet\u00e4\u00e4n maksamalla ostoskorin sis\u00e4lt\u00f6 verkkokaupan kassatoiminnossa. Tehdess\u00e4si tilauksen hyv\u00e4ksyt n\u00e4m\u00e4 toimitusehdot, tuotteiden hinnat sek\u00e4 toimituskulut. 2. Maksaminen Maksunv\u00e4litt\u00e4j\u00e4n\u00e4 toimii WooPayments (mobiilimaksutavat, korttimaksaminen ja Klarna) jonka avulla maksusi k\u00e4sitell\u00e4\u00e4n turvallisesti, nopeasti ja sujuvasti Mobiilimaksaminen: Korttimaksaminen: Klarna: 3. Toimitus Toimituskulut Tilauksesta mahdollisesti veloitettavat toimituskulut riippuvat itse tuotteesta [&hellip;]<\/p>\n","protected":false},"author":1,"featured_media":0,"parent":0,"menu_order":0,"comment_status":"closed","ping_status":"closed","template":"","meta":{"footnotes":"[]"},"class_list":["post-108","page","type-page","status-publish","hentry"],"_links":{"self":[{"href":"https:\/\/mustasappi.com\/index.php\/wp-json\/wp\/v2\/pages\/108","targetHints":{"allow":["GET"]}}],"collection":[{"href":"https:\/\/mustasappi.com\/index.php\/wp-json\/wp\/v2\/pages"}],"about":[{"href":"https:\/\/mustasappi.com\/index.php\/wp-json\/wp\/v2\/types\/page"}],"author":[{"embeddable":true,"href":"https:\/\/mustasappi.com\/index.php\/wp-json\/wp\/v2\/users\/1"}],"replies":[{"embeddable":true,"href":"https:\/\/mustasappi.com\/index.php\/wp-json\/wp\/v2\/comments?post=108"}],"version-history":[{"count":39,"href":"https:\/\/mustasappi.com\/index.php\/wp-json\/wp\/v2\/pages\/108\/revisions"}],"predecessor-version":[{"id":1200,"href":"https:\/\/mustasappi.com\/index.php\/wp-json\/wp\/v2\/pages\/108\/revisions\/1200"}],"wp:attachment":[{"href":"https:\/\/mustasappi.com\/index.php\/wp-json\/wp\/v2\/media?parent=108"}],"curies":[{"name":"wp","href":"https:\/\/api.w.org\/{rel}","templated":true}]}}