{"id":3,"date":"2023-03-25T16:29:37","date_gmt":"2023-03-25T14:29:37","guid":{"rendered":"http:\/\/mustasappi.com\/?page_id=3"},"modified":"2023-05-03T20:08:57","modified_gmt":"2023-05-03T17:08:57","slug":"tietosuojaseloste","status":"publish","type":"page","link":"https:\/\/mustasappi.com\/index.php\/tietosuojaseloste\/","title":{"rendered":"Tietosuojaseloste"},"content":{"rendered":"\n<div class=\"wp-block-group has-white-background-color has-background\"><div class=\"wp-block-group__inner-container is-layout-constrained wp-block-group-is-layout-constrained\">\n<h2 class=\"wp-block-heading\">Rekisterinpit\u00e4j\u00e4n tiedot<\/h2>\n\n\n\n<p>Musta Sappi <\/p>\n\n\n\n<p>Y-3194850-7 <\/p>\n\n\n\n<p>Jukka Saranp\u00e4\u00e4<\/p>\n\n\n\n<p>sappimusta@gmail.com<\/p>\n\n\n\n<h2 class=\"wp-block-heading\">Ev\u00e4steet<\/h2>\n\n\n\n<p>Kun vierailet t\u00e4ll\u00e4 sivustolla, seuraamme tuotteita joita olet katsonut, sijaintiasi, IP-osoitettasi, selaimen tyyppi\u00e4 ja toimitusosoitetta. T\u00e4m\u00e4n avulla voimme arvioida verojen ja toimituskulujen m\u00e4\u00e4r\u00e4n, kysy\u00e4 toimitusosoitetta ennen tilauksen tekemist\u00e4 ja l\u00e4hett\u00e4\u00e4 tilauksen. K\u00e4yt\u00e4mme my\u00f6s ev\u00e4steit\u00e4, jotta ostoskorin sis\u00e4lt\u00f6 s\u00e4ilyy kun selaat sivustoa.<\/p>\n\n\n\n<h2 class=\"wp-block-heading\">Muilta sivustoilta upotettu sis\u00e4lt\u00f6<\/h2>\n\n\n\n<p>T\u00e4m\u00e4n sivuston artikkelit voivat sis\u00e4lt\u00e4\u00e4 upotettua sis\u00e4lt\u00f6\u00e4 (esimerkiksi videoita, kuvia, artikkeleita jne.). Toisilta sivustoilta tuodun upotetun sis\u00e4ll\u00f6n avaaminen on verrattavissa siihen, ett\u00e4 vierailija itse k\u00e4visi kolmannen osapuolen sivustolla.<\/p>\n\n\n\n<p>N\u00e4m\u00e4 sivustot voivat ker\u00e4t\u00e4 tietoa sinusta, k\u00e4ytt\u00e4\u00e4 ev\u00e4steit\u00e4, upottaa kolmannen osapuolen seurantaev\u00e4steit\u00e4 ja monitoroida vuorovaikutustasi upotetun sis\u00e4ll\u00f6n kanssa, mukaan lukien vuorovaikutuksen seuranta jos ja kun olet kirjautunut k\u00e4ytt\u00e4j\u00e4n\u00e4 sivustolle.<\/p>\n\n\n\n<h2 class=\"wp-block-heading\">Kuinka kauan s\u00e4ilyt\u00e4mme tietoa<\/h2>\n\n\n\n<p>K\u00e4sittelemme henkil\u00f6tietojasi vain niin kauan kuin se on tarpeellista t\u00e4ss\u00e4 tietosuojaselosteessa kuvattuihin tarkoituksiin n\u00e4hden. T\u00e4m\u00e4 tarkoittaa esimerkiksi asiakassuhteen hoitamista ja tilausten toimittamista. Tilausten toimittamisen j\u00e4lkeen henkil\u00f6tiedot s\u00e4ilytet\u00e4\u00e4n kirjanpitoon liittyvien lakis\u00e4\u00e4teisten velvoitteiden t\u00e4ytt\u00e4miseksi.<\/p>\n\n\n\n<p>Tallennamme rekister\u00f6ityneiden k\u00e4ytt\u00e4jien k\u00e4ytt\u00e4j\u00e4profiilien tiedot. Kaikilla k\u00e4ytt\u00e4jill\u00e4 on mahdollisuus n\u00e4hd\u00e4, muokata ja poistaa omia henkil\u00f6tietojaan milloin vain. Ainoastaan k\u00e4ytt\u00e4j\u00e4nime\u00e4 ei voi muuttaa. Verkkosivuston yll\u00e4pit\u00e4j\u00e4t voivat n\u00e4hd\u00e4 ja muokata k\u00e4ytt\u00e4j\u00e4profiilien tietoja.<\/p>\n\n\n\n<h2 class=\"wp-block-heading\">Mit\u00e4 oikeuksia sinulla on omaan tietoosi<\/h2>\n\n\n\n<p>Voit halutessasi pyyt\u00e4\u00e4 henkil\u00f6tietojesi poistamista tai rajoittamista milloin tahansa. Huomaa, ett\u00e4 tietyiss\u00e4 tapauksissa emme v\u00e4ltt\u00e4m\u00e4tt\u00e4 voi poistaa henkil\u00f6tietojasi esimerkiksi lakis\u00e4\u00e4teisten velvoitteiden tai oikeutettujen etujemme vuoksi.<\/p>\n\n\n\n<h2 class=\"wp-block-heading\">Minne tietosi l\u00e4hetet\u00e4\u00e4n<\/h2>\n\n\n\n<p>Kun teet ostoksia t\u00e4ss\u00e4 verkkokaupassa, k\u00e4yt\u00e4mme Paytrail-maksupalvelua, joka ker\u00e4\u00e4 maksutiedot turvallisesti ja salatusti. Alla on luettelo siit\u00e4, miten Paytrail k\u00e4sittelee henkil\u00f6tietojasi:<\/p>\n\n\n\n<ul class=\"wp-block-list\">\n<li>Paytrail k\u00e4sittelee henkil\u00f6tietojasi ainoastaan maksutapahtumien k\u00e4sittelyyn liittyen. T\u00e4m\u00e4 tarkoittaa, ett\u00e4 Paytrail k\u00e4sittelee ainoastaan maksutapahtumaan liittyvi\u00e4 henkil\u00f6tietoja, kuten nime\u00e4, osoitetta ja maksutietoja.<\/li>\n\n\n\n<li>Paytrail ei jaa henkil\u00f6tietojasi kolmansille osapuolille, paitsi jos se on tarpeellista maksutapahtuman k\u00e4sittelyn kannalta. Esimerkiksi tilauksen toimitusta varten voidaan tarvita toimitusyhti\u00f6n nimi ja osoitetiedot.<\/li>\n\n\n\n<li>Paytrail s\u00e4ilytt\u00e4\u00e4 maksutapahtumaan liittyvi\u00e4 henkil\u00f6tietoja niin kauan kuin on tarpeellista maksutapahtuman k\u00e4sittelyn kannalta. T\u00e4m\u00e4n j\u00e4lkeen henkil\u00f6tiedot poistetaan Paytrailin j\u00e4rjestelmist\u00e4.<\/li>\n<\/ul>\n\n\n\n<p>Huomioithan, ett\u00e4 verkkokauppa ei ole vastuussa Paytrailin tietosuojak\u00e4yt\u00e4nn\u00f6ist\u00e4 tai siit\u00e4, miten Paytrail k\u00e4sittelee henkil\u00f6tietojasi. Lis\u00e4tietoja Paytrailin tietosuojak\u00e4yt\u00e4nn\u00f6ist\u00e4 voit l\u00f6yt\u00e4\u00e4 Paytrailin omilta verkkosivuilta.<\/p>\n\n\n\n<p>Mustasappi itse ei jaa k\u00e4ytt\u00e4jien henkil\u00f6tietoja kolmansille osapuolille eik\u00e4 siirr\u00e4 niit\u00e4 EU:n tai ETA:n ulkopuolelle. K\u00e4ytt\u00e4jien henkil\u00f6tietoja k\u00e4sitell\u00e4\u00e4n ainoastaan Mustasapin palvelimilla, jotka sijaitsevat Suomessa. <\/p>\n\n\n\n<p>T\u00e4m\u00e4 tarkoittaa sit\u00e4, ett\u00e4 k\u00e4ytt\u00e4jien henkil\u00f6tietoja ei jaeta muiden organisaatioiden kanssa.<\/p>\n<\/div><\/div>\n","protected":false},"excerpt":{"rendered":"<p>Rekisterinpit\u00e4j\u00e4n tiedot Musta Sappi Y-3194850-7 Jukka Saranp\u00e4\u00e4 sappimusta@gmail.com Ev\u00e4steet Kun vierailet t\u00e4ll\u00e4 sivustolla, seuraamme tuotteita joita olet katsonut, sijaintiasi, IP-osoitettasi, selaimen tyyppi\u00e4 ja toimitusosoitetta. T\u00e4m\u00e4n avulla voimme arvioida verojen ja toimituskulujen m\u00e4\u00e4r\u00e4n, kysy\u00e4 toimitusosoitetta ennen tilauksen tekemist\u00e4 ja l\u00e4hett\u00e4\u00e4 tilauksen. K\u00e4yt\u00e4mme my\u00f6s ev\u00e4steit\u00e4, jotta ostoskorin sis\u00e4lt\u00f6 s\u00e4ilyy kun selaat sivustoa. Muilta sivustoilta upotettu sis\u00e4lt\u00f6 T\u00e4m\u00e4n [&hellip;]<\/p>\n","protected":false},"author":1,"featured_media":0,"parent":0,"menu_order":0,"comment_status":"closed","ping_status":"open","template":"","meta":{"footnotes":""},"class_list":["post-3","page","type-page","status-publish","hentry"],"_links":{"self":[{"href":"https:\/\/mustasappi.com\/index.php\/wp-json\/wp\/v2\/pages\/3","targetHints":{"allow":["GET"]}}],"collection":[{"href":"https:\/\/mustasappi.com\/index.php\/wp-json\/wp\/v2\/pages"}],"about":[{"href":"https:\/\/mustasappi.com\/index.php\/wp-json\/wp\/v2\/types\/page"}],"author":[{"embeddable":true,"href":"https:\/\/mustasappi.com\/index.php\/wp-json\/wp\/v2\/users\/1"}],"replies":[{"embeddable":true,"href":"https:\/\/mustasappi.com\/index.php\/wp-json\/wp\/v2\/comments?post=3"}],"version-history":[{"count":15,"href":"https:\/\/mustasappi.com\/index.php\/wp-json\/wp\/v2\/pages\/3\/revisions"}],"predecessor-version":[{"id":671,"href":"https:\/\/mustasappi.com\/index.php\/wp-json\/wp\/v2\/pages\/3\/revisions\/671"}],"wp:attachment":[{"href":"https:\/\/mustasappi.com\/index.php\/wp-json\/wp\/v2\/media?parent=3"}],"curies":[{"name":"wp","href":"https:\/\/api.w.org\/{rel}","templated":true}]}}