{"id":45,"date":"2023-03-29T17:49:39","date_gmt":"2023-03-29T14:49:39","guid":{"rendered":"https:\/\/mustasappi.com\/?page_id=45"},"modified":"2023-04-26T17:48:06","modified_gmt":"2023-04-26T14:48:06","slug":"kysymyksia","status":"publish","type":"page","link":"https:\/\/mustasappi.com\/index.php\/kysymyksia\/","title":{"rendered":"Kysymyksi\u00e4"},"content":{"rendered":"\n<p><\/p>\n\n\n\n<div class=\"wp-block-group has-white-background-color has-background\"><div class=\"wp-block-group__inner-container is-layout-constrained wp-block-group-is-layout-constrained\">\n<div class=\"wp-block-group\"><div class=\"wp-block-group__inner-container is-layout-constrained wp-block-group-is-layout-constrained\">\n<h4 class=\"wp-block-heading\">Milloin tilaukseni toimitetaan? <\/h4>\n\n\n\n<p>Kaikki tilaukset pyrit\u00e4\u00e4n l\u00e4hett\u00e4m\u00e4\u00e4n 5-10 arkip\u00e4iv\u00e4n kuluessa. <\/p>\n\n\n\n<h4 class=\"wp-block-heading\">Mik\u00e4 on puupiirros? <\/h4>\n\n\n\n<p>Puupiirros on kohopainomenetelm\u00e4, jossa kuva kaiverretaan k\u00e4sin puiselle painolaatalle. Kohopintaan levitet\u00e4\u00e4n maalia, jonka j\u00e4lkeen se vedostetaan paperille. Puupiirrosta pidet\u00e4\u00e4n vanhimpana grafiikan menetelm\u00e4n\u00e4, eli kyseess\u00e4 ei siis ole koneen tuloste, vaan monivaiheisen k\u00e4sity\u00f6n tulos. <\/p>\n\n\n\n<h4 class=\"wp-block-heading\">Teetk\u00f6 uudelleen painatuksia aikaisemmista puupiirroksistasi? <\/h4>\n\n\n\n<p>Teen yleens\u00e4 aikaisemmista puupiirroksistani rajatun m\u00e4\u00e4r\u00e4n uniikkeja erikoisvedoksia, jotka ovat &#8221;E.V.&#8221; merkittyj\u00e4. <\/p>\n\n\n\n<h4 class=\"wp-block-heading\">Teetk\u00f6 tilaust\u00f6it\u00e4? <\/h4>\n\n\n\n<p>Otan tilaust\u00f6it\u00e4 vastaan aika ajoin, riippuen aikatauluistani. Ota yhteytt\u00e4 s\u00e4hk\u00f6postitse ja kerro ideastasi! sappimusta@gmail.com <\/p>\n\n\n\n<h4 class=\"wp-block-heading\">Kuinka pid\u00e4n huolta vedoksestani? <\/h4>\n\n\n\n<p>Suosittelen kehyst\u00e4mist\u00e4, jotta vedos pysyy parhaassa kunnossa kellastumatta tai menett\u00e4m\u00e4tt\u00e4 v\u00e4rej\u00e4. Pid\u00e4 vedos pois suorasta auringonvalosta. K\u00e4yt\u00e4 kehyst\u00e4ess\u00e4 happovapaita materiaaleja, kuten aukkopahvia, jotta vedos ei ole suorassa kosketuksessa lasin kanssa. <\/p>\n\n\n\n<h4 class=\"wp-block-heading\">Etk\u00f6 l\u00f6yt\u00e4nyt kysymykseesi vastausta? Ota yhteytt\u00e4!<\/h4>\n<\/div><\/div>\n<\/div><\/div>\n","protected":false},"excerpt":{"rendered":"<p>Milloin tilaukseni toimitetaan? Kaikki tilaukset pyrit\u00e4\u00e4n l\u00e4hett\u00e4m\u00e4\u00e4n 5-10 arkip\u00e4iv\u00e4n kuluessa. Mik\u00e4 on puupiirros? Puupiirros on kohopainomenetelm\u00e4, jossa kuva kaiverretaan k\u00e4sin puiselle painolaatalle. Kohopintaan levitet\u00e4\u00e4n maalia, jonka j\u00e4lkeen se vedostetaan paperille. Puupiirrosta pidet\u00e4\u00e4n vanhimpana grafiikan menetelm\u00e4n\u00e4, eli kyseess\u00e4 ei siis ole koneen tuloste, vaan monivaiheisen k\u00e4sity\u00f6n tulos. Teetk\u00f6 uudelleen painatuksia aikaisemmista puupiirroksistasi? Teen yleens\u00e4 aikaisemmista puupiirroksistani [&hellip;]<\/p>\n","protected":false},"author":1,"featured_media":0,"parent":0,"menu_order":0,"comment_status":"closed","ping_status":"closed","template":"","meta":{"footnotes":""},"class_list":["post-45","page","type-page","status-publish","hentry"],"_links":{"self":[{"href":"https:\/\/mustasappi.com\/index.php\/wp-json\/wp\/v2\/pages\/45","targetHints":{"allow":["GET"]}}],"collection":[{"href":"https:\/\/mustasappi.com\/index.php\/wp-json\/wp\/v2\/pages"}],"about":[{"href":"https:\/\/mustasappi.com\/index.php\/wp-json\/wp\/v2\/types\/page"}],"author":[{"embeddable":true,"href":"https:\/\/mustasappi.com\/index.php\/wp-json\/wp\/v2\/users\/1"}],"replies":[{"embeddable":true,"href":"https:\/\/mustasappi.com\/index.php\/wp-json\/wp\/v2\/comments?post=45"}],"version-history":[{"count":5,"href":"https:\/\/mustasappi.com\/index.php\/wp-json\/wp\/v2\/pages\/45\/revisions"}],"predecessor-version":[{"id":617,"href":"https:\/\/mustasappi.com\/index.php\/wp-json\/wp\/v2\/pages\/45\/revisions\/617"}],"wp:attachment":[{"href":"https:\/\/mustasappi.com\/index.php\/wp-json\/wp\/v2\/media?parent=45"}],"curies":[{"name":"wp","href":"https:\/\/api.w.org\/{rel}","templated":true}]}}