{"id":95,"date":"2023-03-30T17:37:00","date_gmt":"2023-03-30T14:37:00","guid":{"rendered":"https:\/\/mustasappi.com\/?page_id=95"},"modified":"2023-04-28T22:16:46","modified_gmt":"2023-04-28T19:16:46","slug":"materiaalit","status":"publish","type":"page","link":"https:\/\/mustasappi.com\/index.php\/materiaalit\/","title":{"rendered":"Materiaalit"},"content":{"rendered":"\n<div class=\"wp-block-group has-white-background-color has-background\"><div class=\"wp-block-group__inner-container is-layout-constrained wp-block-group-is-layout-constrained\">\n<p class=\"has-text-align-left has-normal-font-size\"><strong>Puupiirros<\/strong> valmistetaan leikkaamalla laatta koivuvanerista. Laatalle sivell\u00e4\u00e4n mustetta, joka auttaa kaiverrusprosessin aikana n\u00e4kem\u00e4\u00e4n, mitk\u00e4 alueet n\u00e4kyv\u00e4t vedoksessa. Laatan kaivertamiseen k\u00e4ytet\u00e4\u00e4n veitsi\u00e4, kaivertimia ja talttoja.<\/p>\n\n\n<div class=\"wp-block-image is-style-default\">\n<figure class=\"aligncenter size-full is-resized\"><img loading=\"lazy\" decoding=\"async\" src=\"https:\/\/mustasappi.com\/wp-content\/uploads\/2023\/04\/Materiaalit1.jpg\" alt=\"\" class=\"wp-image-350\" width=\"400\" height=\"379\"\/><\/figure><\/div>\n\n\n<p class=\"has-text-align-left has-normal-font-size\">Vedostaessa laattaan levitet\u00e4\u00e4n \u00f6ljypohjaista painov\u00e4ri\u00e4 telan avulla. Sitten laatan p\u00e4\u00e4lle lasketaan painopaperi, johon kuva siirtyy hiert\u00e4m\u00e4ll\u00e4. Hiert\u00e4misess\u00e4 k\u00e4ytet\u00e4\u00e4n barenia, lusikkaa tai pr\u00e4ssi\u00e4.<\/p>\n\n\n<div class=\"wp-block-image is-style-default\">\n<figure class=\"aligncenter size-full is-resized\"><img loading=\"lazy\" decoding=\"async\" src=\"http:\/\/mustasappi.com\/wp-content\/uploads\/2023\/04\/Materiaalit2-e1681233190192.png\" alt=\"\" class=\"wp-image-351\" width=\"400\" height=\"379\" srcset=\"https:\/\/mustasappi.com\/wp-content\/uploads\/2023\/04\/Materiaalit2-e1681233190192.png 400w, https:\/\/mustasappi.com\/wp-content\/uploads\/2023\/04\/Materiaalit2-e1681233190192-300x284.png 300w, https:\/\/mustasappi.com\/wp-content\/uploads\/2023\/04\/Materiaalit2-e1681233190192-324x307.png 324w\" sizes=\"auto, (max-width: 400px) 100vw, 400px\" \/><\/figure><\/div>\n\n\n<p class=\"has-text-align-left has-normal-font-size\"><strong>Linopiirros<\/strong> ei juuri poikkea puupiirroksesta. Laattamateriaalina k\u00e4ytett\u00e4v\u00e4 linoleumi on paljon pehme\u00e4mp\u00e4\u00e4 ja n\u00e4in my\u00f6s helpompi kaivertaa\/leikata. <\/p>\n\n\n\n<p class=\"has-text-align-left has-normal-font-size\">Myynniss\u00e4 olevien vedoksien vedostustapa ilmenee tuotetiedoissa. <\/p>\n<\/div><\/div>\n","protected":false},"excerpt":{"rendered":"<p>Puupiirros valmistetaan leikkaamalla laatta koivuvanerista. Laatalle sivell\u00e4\u00e4n mustetta, joka auttaa kaiverrusprosessin aikana n\u00e4kem\u00e4\u00e4n, mitk\u00e4 alueet n\u00e4kyv\u00e4t vedoksessa. Laatan kaivertamiseen k\u00e4ytet\u00e4\u00e4n veitsi\u00e4, kaivertimia ja talttoja. Vedostaessa laattaan levitet\u00e4\u00e4n \u00f6ljypohjaista painov\u00e4ri\u00e4 telan avulla. Sitten laatan p\u00e4\u00e4lle lasketaan painopaperi, johon kuva siirtyy hiert\u00e4m\u00e4ll\u00e4. Hiert\u00e4misess\u00e4 k\u00e4ytet\u00e4\u00e4n barenia, lusikkaa tai pr\u00e4ssi\u00e4. Linopiirros ei juuri poikkea puupiirroksesta. Laattamateriaalina k\u00e4ytett\u00e4v\u00e4 linoleumi on [&hellip;]<\/p>\n","protected":false},"author":1,"featured_media":0,"parent":0,"menu_order":0,"comment_status":"closed","ping_status":"closed","template":"","meta":{"footnotes":""},"class_list":["post-95","page","type-page","status-publish","hentry"],"_links":{"self":[{"href":"https:\/\/mustasappi.com\/index.php\/wp-json\/wp\/v2\/pages\/95","targetHints":{"allow":["GET"]}}],"collection":[{"href":"https:\/\/mustasappi.com\/index.php\/wp-json\/wp\/v2\/pages"}],"about":[{"href":"https:\/\/mustasappi.com\/index.php\/wp-json\/wp\/v2\/types\/page"}],"author":[{"embeddable":true,"href":"https:\/\/mustasappi.com\/index.php\/wp-json\/wp\/v2\/users\/1"}],"replies":[{"embeddable":true,"href":"https:\/\/mustasappi.com\/index.php\/wp-json\/wp\/v2\/comments?post=95"}],"version-history":[{"count":25,"href":"https:\/\/mustasappi.com\/index.php\/wp-json\/wp\/v2\/pages\/95\/revisions"}],"predecessor-version":[{"id":1202,"href":"https:\/\/mustasappi.com\/index.php\/wp-json\/wp\/v2\/pages\/95\/revisions\/1202"}],"wp:attachment":[{"href":"https:\/\/mustasappi.com\/index.php\/wp-json\/wp\/v2\/media?parent=95"}],"curies":[{"name":"wp","href":"https:\/\/api.w.org\/{rel}","templated":true}]}}