{"id":1005,"date":"2024-11-23T13:15:53","date_gmt":"2024-11-23T11:15:53","guid":{"rendered":"https:\/\/mustasappi.com\/?post_type=product&#038;p=1005"},"modified":"2025-12-01T09:15:19","modified_gmt":"2025-12-01T07:15:19","slug":"linopiirros-the-show-2","status":"publish","type":"product","link":"https:\/\/mustasappi.com\/index.php\/tuote\/linopiirros-the-show-2\/","title":{"rendered":"LINOPIIRROS &#8211; &#8221;THE SHOW&#8221;"},"content":{"rendered":"<p>&#8211; Korkealaatuinen Hanhem\u00fchle paperi, jossa revityt reunat<\/p>\n<p>&#8211; Koko: A5 (148x210mm)<\/p>\n<p>&#8211; Vedostettu pr\u00e4ssill\u00e4<\/p>\n<p>&#8211; Toimitus 5-10 arkip\u00e4iv\u00e4n kuluessa\u200b\u200b<\/p>\n<p>HUOM. KOSKA JOKAINEN VEDOS ON MONIVAIHEISEN K\u00c4SITY\u00d6N TULOS, PAINATUKSISSA SAATTAA ILMET\u00c4 PIENT\u00c4 VAIHTELUA KESKEN\u00c4\u00c4N.\u200b<\/p>\n<p>EI SIS\u00c4LL\u00c4 KEHYKSI\u00c4.<\/p>\n","protected":false},"excerpt":{"rendered":"<p><!--more-->VEDOSTETTU 2O KPL RAJOITETTU ER\u00c4\u200b.<\/p>\n<p>JOKAINEN VEDOS ON NUMEROITU, KOHOLEIMATTU JA SIGNEERATTU.\u200b<\/p>\n<p>MAKSUTON TOIMITUS.<\/p>\n","protected":false},"featured_media":929,"template":"","meta":[],"product_brand":[],"product_cat":[87],"product_tag":[35,31,76,79],"class_list":{"0":"post-1005","1":"product","2":"type-product","3":"status-publish","4":"has-post-thumbnail","6":"product_cat-vedokset","7":"product_tag-linopiirros","8":"product_tag-puupiirros","9":"product_tag-show","10":"product_tag-the-show","12":"first","13":"instock","14":"purchasable","15":"product-type-simple"},"_links":{"self":[{"href":"https:\/\/mustasappi.com\/index.php\/wp-json\/wp\/v2\/product\/1005","targetHints":{"allow":["GET"]}}],"collection":[{"href":"https:\/\/mustasappi.com\/index.php\/wp-json\/wp\/v2\/product"}],"about":[{"href":"https:\/\/mustasappi.com\/index.php\/wp-json\/wp\/v2\/types\/product"}],"wp:featuredmedia":[{"embeddable":true,"href":"https:\/\/mustasappi.com\/index.php\/wp-json\/wp\/v2\/media\/929"}],"wp:attachment":[{"href":"https:\/\/mustasappi.com\/index.php\/wp-json\/wp\/v2\/media?parent=1005"}],"wp:term":[{"taxonomy":"product_brand","embeddable":true,"href":"https:\/\/mustasappi.com\/index.php\/wp-json\/wp\/v2\/product_brand?post=1005"},{"taxonomy":"product_cat","embeddable":true,"href":"https:\/\/mustasappi.com\/index.php\/wp-json\/wp\/v2\/product_cat?post=1005"},{"taxonomy":"product_tag","embeddable":true,"href":"https:\/\/mustasappi.com\/index.php\/wp-json\/wp\/v2\/product_tag?post=1005"}],"curies":[{"name":"wp","href":"https:\/\/api.w.org\/{rel}","templated":true}]}}