{"id":1073,"date":"2025-07-31T20:59:58","date_gmt":"2025-07-31T17:59:58","guid":{"rendered":"https:\/\/mustasappi.com\/?post_type=product&#038;p=1073"},"modified":"2025-10-22T18:55:49","modified_gmt":"2025-10-22T15:55:49","slug":"themis-t-paita-valkoinen","status":"publish","type":"product","link":"https:\/\/mustasappi.com\/index.php\/tuote\/themis-t-paita-valkoinen\/","title":{"rendered":"[SOLD OUT]"},"content":{"rendered":"<p>&#8221;THEMIS&#8221; &#8211; T-PAITA (VALKOINEN)<\/p>\n<p>15 KPL RAJOITETTU JA NUMEROITU ER\u00c4<\/p>\n<p>&#8211; Selk\u00e4painatus toteutettu k\u00e4sin puupiirrostekniikalla<\/p>\n<p>&#8211; Ommeltu logo helmassa<\/p>\n<p>&#8211; Unisex oversized-malli<\/p>\n<p>&#8211; 100 % luomupuuvillaa<\/p>\n<p>&#8211; Paino: 180 g\/m\u00b2<\/p>\n<p>&#8211; Laadukas sile\u00e4neuleinen ja pehme\u00e4 materiaali<\/p>\n<p>&#8211; Maksuton toimitus 5-10 arkip\u00e4iv\u00e4ss\u00e4<\/p>\n","protected":false},"excerpt":{"rendered":"<p>&#8221;THEMIS&#8221; &#8211; T-PAITA (VALKOINEN) 15 KPL RAJOITETTU JA NUMEROITU ER\u00c4 &#8211; Selk\u00e4painatus toteutettu k\u00e4sin puupiirrostekniikalla &#8211; Ommeltu logo helmassa &#8211; Unisex oversized-malli &#8211; 100 % luomupuuvillaa &#8211; Paino: 180 g\/m\u00b2 &#8211; Laadukas sile\u00e4neuleinen ja pehme\u00e4 materiaali &#8211; Maksuton toimitus 5-10 arkip\u00e4iv\u00e4ss\u00e4<\/p>\n","protected":false},"featured_media":1079,"template":"","meta":[],"product_brand":[],"product_cat":[18],"product_tag":[62,57,59],"class_list":{"0":"post-1073","1":"product","2":"type-product","3":"status-publish","4":"has-post-thumbnail","6":"product_cat-vaatteet","7":"product_tag-sappipaita","8":"product_tag-t-paita","9":"product_tag-themis","11":"first","12":"instock","13":"virtual","14":"product-type-simple"},"_links":{"self":[{"href":"https:\/\/mustasappi.com\/index.php\/wp-json\/wp\/v2\/product\/1073","targetHints":{"allow":["GET"]}}],"collection":[{"href":"https:\/\/mustasappi.com\/index.php\/wp-json\/wp\/v2\/product"}],"about":[{"href":"https:\/\/mustasappi.com\/index.php\/wp-json\/wp\/v2\/types\/product"}],"wp:featuredmedia":[{"embeddable":true,"href":"https:\/\/mustasappi.com\/index.php\/wp-json\/wp\/v2\/media\/1079"}],"wp:attachment":[{"href":"https:\/\/mustasappi.com\/index.php\/wp-json\/wp\/v2\/media?parent=1073"}],"wp:term":[{"taxonomy":"product_brand","embeddable":true,"href":"https:\/\/mustasappi.com\/index.php\/wp-json\/wp\/v2\/product_brand?post=1073"},{"taxonomy":"product_cat","embeddable":true,"href":"https:\/\/mustasappi.com\/index.php\/wp-json\/wp\/v2\/product_cat?post=1073"},{"taxonomy":"product_tag","embeddable":true,"href":"https:\/\/mustasappi.com\/index.php\/wp-json\/wp\/v2\/product_tag?post=1073"}],"curies":[{"name":"wp","href":"https:\/\/api.w.org\/{rel}","templated":true}]}}