{"id":1237,"date":"2025-11-27T21:32:46","date_gmt":"2025-11-27T19:32:46","guid":{"rendered":"https:\/\/mustasappi.com\/?post_type=product&#038;p=1237"},"modified":"2025-12-01T11:10:05","modified_gmt":"2025-12-01T09:10:05","slug":"puupiirros-amfivolia-epailys","status":"publish","type":"product","link":"https:\/\/mustasappi.com\/index.php\/tuote\/puupiirros-amfivolia-epailys\/","title":{"rendered":"PUUPIIRROS &#8211; &#8221;AMFIVOL\u00cdA&#8221; (ep\u00e4ilys)"},"content":{"rendered":"<p>&#8211; Korkealaatuinen Hanhem\u00fchle\u00a0paperi, jossa revityt reunat.\u200b<\/p>\n<p>&#8211; Paperin koko: 25&#215;25 cm<\/p>\n<p>&#8211; Vedostettu pr\u00e4ssill\u00e4\u200b<\/p>\n<p>&#8211; \u00d6ljypohjainen painov\u00e4ri\u200b<\/p>\n<p>&#8211; Toimitus 5-10 arkip\u00e4iv\u00e4n kuluessa\u200b\u200b<\/p>\n<p>HUOM. KOSKA JOKAINEN VEDOS ON MONIVAIHEISEN K\u00c4SITY\u00d6N TULOS, PAINATUKSISSA SAATTAA ILMET\u00c4 PIENT\u00c4 VAIHTELUA KESKEN\u00c4\u00c4N.\u200b<\/p>\n<p>EI SIS\u00c4LL\u00c4 KEHYKSI\u00c4.<\/p>\n","protected":false},"excerpt":{"rendered":"<p>VEDOSTETTU 1O KPL RAJOITETTU ER\u00c4\u200b.<!--more--><\/p>\n<p>JOKAINEN VEDOS ON NUMEROITU, KOHOLEIMATTU JA SIGNEERATTU.\u200b<\/p>\n<p>MAKSUTON TOIMITUS.<\/p>\n","protected":false},"featured_media":1221,"template":"","meta":[],"product_brand":[],"product_cat":[87],"product_tag":[31,65,22],"class_list":{"0":"post-1237","1":"product","2":"type-product","3":"status-publish","4":"has-post-thumbnail","6":"product_cat-vedokset","7":"product_tag-puupiirros","8":"product_tag-taidegrafiikka","9":"product_tag-vedos","11":"first","12":"instock","13":"taxable","14":"shipping-taxable","15":"purchasable","16":"product-type-simple"},"_links":{"self":[{"href":"https:\/\/mustasappi.com\/index.php\/wp-json\/wp\/v2\/product\/1237","targetHints":{"allow":["GET"]}}],"collection":[{"href":"https:\/\/mustasappi.com\/index.php\/wp-json\/wp\/v2\/product"}],"about":[{"href":"https:\/\/mustasappi.com\/index.php\/wp-json\/wp\/v2\/types\/product"}],"wp:featuredmedia":[{"embeddable":true,"href":"https:\/\/mustasappi.com\/index.php\/wp-json\/wp\/v2\/media\/1221"}],"wp:attachment":[{"href":"https:\/\/mustasappi.com\/index.php\/wp-json\/wp\/v2\/media?parent=1237"}],"wp:term":[{"taxonomy":"product_brand","embeddable":true,"href":"https:\/\/mustasappi.com\/index.php\/wp-json\/wp\/v2\/product_brand?post=1237"},{"taxonomy":"product_cat","embeddable":true,"href":"https:\/\/mustasappi.com\/index.php\/wp-json\/wp\/v2\/product_cat?post=1237"},{"taxonomy":"product_tag","embeddable":true,"href":"https:\/\/mustasappi.com\/index.php\/wp-json\/wp\/v2\/product_tag?post=1237"}],"curies":[{"name":"wp","href":"https:\/\/api.w.org\/{rel}","templated":true}]}}