{"id":1246,"date":"2025-11-27T22:12:47","date_gmt":"2025-11-27T20:12:47","guid":{"rendered":"https:\/\/mustasappi.com\/?post_type=product&#038;p=1246"},"modified":"2025-12-01T09:12:49","modified_gmt":"2025-12-01T07:12:49","slug":"puupiirros-hedone-e-v-4-5","status":"publish","type":"product","link":"https:\/\/mustasappi.com\/index.php\/tuote\/puupiirros-hedone-e-v-4-5\/","title":{"rendered":"PUUPIIRROS &#8211; &#8221;HEDONE&#8221; E.V. 4\/5"},"content":{"rendered":"<p data-ccp-props=\"{&quot;335551550&quot;:1,&quot;335551620&quot;:1,&quot;335559683&quot;:0,&quot;335559685&quot;:360,&quot;335559731&quot;:-360,&quot;335559737&quot;:0,&quot;335562764&quot;:2,&quot;335562765&quot;:0.9,&quot;335562766&quot;:4,&quot;335562767&quot;:10,&quot;335562768&quot;:4,&quot;335562769&quot;:0}\"><strong>Edition variable \/ \u00e9dition\u00a0vari\u00e9e:<\/strong><\/p>\n<p data-ccp-props=\"{&quot;335551550&quot;:1,&quot;335551620&quot;:1,&quot;335559683&quot;:0,&quot;335559685&quot;:360,&quot;335559731&quot;:-360,&quot;335559737&quot;:0,&quot;335562764&quot;:2,&quot;335562765&quot;:0.9,&quot;335562766&quot;:4,&quot;335562767&quot;:10,&quot;335562768&quot;:4,&quot;335562769&quot;:0}\">Kun painolaatalta otetaan yksil\u00f6llisi\u00e4 ja toisistaan poikkeavia vedoksia, voidaan sarja merkit\u00e4 ns. muunnelluksi sarjaksi. T\u00e4ll\u00f6in jokainen vedos on uniikki.\u200b<i><\/i>\u200b<\/p>\n<p data-ccp-props=\"{&quot;335551550&quot;:1,&quot;335551620&quot;:1,&quot;335559683&quot;:0,&quot;335559685&quot;:360,&quot;335559731&quot;:-360,&quot;335559737&quot;:0,&quot;335562764&quot;:2,&quot;335562765&quot;:0.9,&quot;335562766&quot;:4,&quot;335562767&quot;:10,&quot;335562768&quot;:4,&quot;335562769&quot;:0}\">\u200b<span data-usefontface=\"true\" data-contrast=\"none\">&#8211; Korkealaatuinen <\/span><span data-usefontface=\"true\" data-contrast=\"none\">Hanhem\u00fchle<\/span><span data-usefontface=\"true\" data-contrast=\"none\">\u00a0paperi, jossa revityt reunat.<\/span>\u200b<\/p>\n<p data-ccp-props=\"{&quot;335551550&quot;:1,&quot;335551620&quot;:1,&quot;335559683&quot;:0,&quot;335559685&quot;:360,&quot;335559731&quot;:-360,&quot;335559737&quot;:0,&quot;335562764&quot;:2,&quot;335562765&quot;:0.9,&quot;335562766&quot;:4,&quot;335562767&quot;:10,&quot;335562768&quot;:4,&quot;335562769&quot;:0}\">\u200b<span data-usefontface=\"true\" data-contrast=\"none\">&#8211; Koko: A4 (210x297mm)<\/span>\u200b<\/p>\n<p data-ccp-props=\"{&quot;335551550&quot;:1,&quot;335551620&quot;:1,&quot;335559683&quot;:0,&quot;335559685&quot;:360,&quot;335559731&quot;:-360,&quot;335559737&quot;:0,&quot;335562764&quot;:2,&quot;335562765&quot;:0.9,&quot;335562766&quot;:4,&quot;335562767&quot;:10,&quot;335562768&quot;:4,&quot;335562769&quot;:0}\">\u200b<span data-usefontface=\"true\" data-contrast=\"none\">&#8211; Vedostettu k\u00e4sin<\/span>\u200b<\/p>\n<p data-ccp-props=\"{&quot;335551550&quot;:1,&quot;335551620&quot;:1,&quot;335559683&quot;:0,&quot;335559685&quot;:360,&quot;335559731&quot;:-360,&quot;335559737&quot;:0,&quot;335562764&quot;:2,&quot;335562765&quot;:0.9,&quot;335562766&quot;:4,&quot;335562767&quot;:10,&quot;335562768&quot;:4,&quot;335562769&quot;:0}\">\u200b<span data-usefontface=\"true\" data-contrast=\"none\">&#8211; \u00d6ljypohjainen painov\u00e4ri<\/span>\u200b<\/p>\n<p data-ccp-props=\"{&quot;335551550&quot;:1,&quot;335551620&quot;:1,&quot;335559683&quot;:0,&quot;335559685&quot;:360,&quot;335559731&quot;:-360,&quot;335559737&quot;:0,&quot;335562764&quot;:2,&quot;335562765&quot;:0.9,&quot;335562766&quot;:4,&quot;335562767&quot;:10,&quot;335562768&quot;:4,&quot;335562769&quot;:0}\"><span data-usefontface=\"true\" data-contrast=\"none\">&#8211; Toimitus 5-10 arkip\u00e4iv\u00e4n kuluessa<\/span>\u200b<span class=\"EOP SCXP35109816 BCX0\">\u200b<\/span><\/p>\n<p data-ccp-props=\"{&quot;335551550&quot;:1,&quot;335551620&quot;:1,&quot;335559683&quot;:0,&quot;335559685&quot;:360,&quot;335559731&quot;:-360,&quot;335559737&quot;:0,&quot;335562764&quot;:2,&quot;335562765&quot;:0.9,&quot;335562766&quot;:4,&quot;335562767&quot;:10,&quot;335562768&quot;:4,&quot;335562769&quot;:0}\"><i><span data-usefontface=\"true\" data-contrast=\"none\">EI SIS\u00c4LL\u00c4 KEHYKSI\u00c4.<\/span><\/i>\u200b<\/p>\n","protected":false},"excerpt":{"rendered":"<p data-ccp-props=\"{&quot;335551550&quot;:1,&quot;335551620&quot;:1,&quot;335559683&quot;:0,&quot;335559685&quot;:360,&quot;335559731&quot;:-360,&quot;335559737&quot;:0,&quot;335562764&quot;:2,&quot;335562765&quot;:0.9,&quot;335562766&quot;:4,&quot;335562767&quot;:10,&quot;335562768&quot;:4,&quot;335562769&quot;:0}\"><i><span data-usefontface=\"true\" data-contrast=\"none\"><strong>EDITION VARIABLE<\/strong><\/span><\/i><\/p>\n<p data-ccp-props=\"{&quot;335551550&quot;:1,&quot;335551620&quot;:1,&quot;335559683&quot;:0,&quot;335559685&quot;:360,&quot;335559731&quot;:-360,&quot;335559737&quot;:0,&quot;335562764&quot;:2,&quot;335562765&quot;:0.9,&quot;335562766&quot;:4,&quot;335562767&quot;:10,&quot;335562768&quot;:4,&quot;335562769&quot;:0}\"><i><span data-usefontface=\"true\" data-contrast=\"none\">VEDOSTETTU 1 KPL <strong>\u00a0<\/strong>RAJOITETTU ER\u00c4.<\/span><\/i>\u200b<\/p>\n<p data-ccp-props=\"{&quot;335551550&quot;:1,&quot;335551620&quot;:1,&quot;335559683&quot;:0,&quot;335559685&quot;:360,&quot;335559731&quot;:-360,&quot;335559737&quot;:0,&quot;335562764&quot;:2,&quot;335562765&quot;:0.9,&quot;335562766&quot;:4,&quot;335562767&quot;:10,&quot;335562768&quot;:4,&quot;335562769&quot;:0}\">\u200b<i><span data-usefontface=\"true\" data-contrast=\"none\">NUMEROITU, KOHOLEIMATTU JA SIGNEERATTU.<\/span><\/i>\u200b<\/p>\n<p data-ccp-props=\"{&quot;335551550&quot;:1,&quot;335551620&quot;:1,&quot;335559683&quot;:0,&quot;335559685&quot;:360,&quot;335559731&quot;:-360,&quot;335559737&quot;:0,&quot;335562764&quot;:2,&quot;335562765&quot;:0.9,&quot;335562766&quot;:4,&quot;335562767&quot;:10,&quot;335562768&quot;:4,&quot;335562769&quot;:0}\"><i><span data-usefontface=\"true\" data-contrast=\"none\">MAKSUTON TOIMITUS.<\/span><\/i><\/p>\n","protected":false},"featured_media":1225,"template":"","meta":[],"product_brand":[],"product_cat":[87],"product_tag":[46,47,31,22],"class_list":{"0":"post-1246","1":"product","2":"type-product","3":"status-publish","4":"has-post-thumbnail","6":"product_cat-vedokset","7":"product_tag-e-v","8":"product_tag-edition-variable","9":"product_tag-puupiirros","10":"product_tag-vedos","12":"first","13":"instock","14":"taxable","15":"shipping-taxable","16":"purchasable","17":"product-type-simple"},"_links":{"self":[{"href":"https:\/\/mustasappi.com\/index.php\/wp-json\/wp\/v2\/product\/1246","targetHints":{"allow":["GET"]}}],"collection":[{"href":"https:\/\/mustasappi.com\/index.php\/wp-json\/wp\/v2\/product"}],"about":[{"href":"https:\/\/mustasappi.com\/index.php\/wp-json\/wp\/v2\/types\/product"}],"wp:featuredmedia":[{"embeddable":true,"href":"https:\/\/mustasappi.com\/index.php\/wp-json\/wp\/v2\/media\/1225"}],"wp:attachment":[{"href":"https:\/\/mustasappi.com\/index.php\/wp-json\/wp\/v2\/media?parent=1246"}],"wp:term":[{"taxonomy":"product_brand","embeddable":true,"href":"https:\/\/mustasappi.com\/index.php\/wp-json\/wp\/v2\/product_brand?post=1246"},{"taxonomy":"product_cat","embeddable":true,"href":"https:\/\/mustasappi.com\/index.php\/wp-json\/wp\/v2\/product_cat?post=1246"},{"taxonomy":"product_tag","embeddable":true,"href":"https:\/\/mustasappi.com\/index.php\/wp-json\/wp\/v2\/product_tag?post=1246"}],"curies":[{"name":"wp","href":"https:\/\/api.w.org\/{rel}","templated":true}]}}