{"id":190,"date":"2023-04-05T17:42:38","date_gmt":"2023-04-05T14:42:38","guid":{"rendered":"https:\/\/mustasappi.com\/?post_type=product&#038;p=190"},"modified":"2025-12-01T09:17:23","modified_gmt":"2025-12-01T07:17:23","slug":"puupiirros-blossom","status":"publish","type":"product","link":"https:\/\/mustasappi.com\/index.php\/tuote\/puupiirros-blossom\/","title":{"rendered":"PUUPIIRROS\u00a0 &#8211; &#8221;BLOSSOM&#8221;"},"content":{"rendered":"<p data-ccp-props=\"{&quot;335551550&quot;:1,&quot;335551620&quot;:1,&quot;335559683&quot;:0,&quot;335559685&quot;:0,&quot;335559731&quot;:0,&quot;335559737&quot;:0,&quot;335562764&quot;:2,&quot;335562765&quot;:1.2,&quot;335562766&quot;:4,&quot;335562767&quot;:5,&quot;335562768&quot;:4,&quot;335562769&quot;:0}\"><span data-usefontface=\"true\" data-contrast=\"none\">&#8211; Korkealaatuinen <\/span><span data-usefontface=\"true\" data-contrast=\"none\">Hanhem\u00fchle<\/span><span data-usefontface=\"true\" data-contrast=\"none\">\u00a0paperi, jossa revityt reunat.<\/span>\u200b<\/p>\n<p data-ccp-props=\"{&quot;335551550&quot;:1,&quot;335551620&quot;:1,&quot;335559683&quot;:0,&quot;335559685&quot;:0,&quot;335559731&quot;:0,&quot;335559737&quot;:0,&quot;335562764&quot;:2,&quot;335562765&quot;:1.2,&quot;335562766&quot;:4,&quot;335562767&quot;:5,&quot;335562768&quot;:4,&quot;335562769&quot;:0}\"><span data-usefontface=\"true\" data-contrast=\"none\">&#8211; Koko: A4 (210\u00d7297mm)<\/span>\u200b<\/p>\n<p data-ccp-props=\"{&quot;335551550&quot;:1,&quot;335551620&quot;:1,&quot;335559683&quot;:0,&quot;335559685&quot;:0,&quot;335559731&quot;:0,&quot;335559737&quot;:0,&quot;335562764&quot;:2,&quot;335562765&quot;:1.2,&quot;335562766&quot;:4,&quot;335562767&quot;:5,&quot;335562768&quot;:4,&quot;335562769&quot;:0}\"><span data-usefontface=\"true\" data-contrast=\"none\">&#8211; Vedostettu pr\u00e4ssill\u00e4<\/span>\u200b<\/p>\n<p data-ccp-props=\"{&quot;335551550&quot;:1,&quot;335551620&quot;:1,&quot;335559683&quot;:0,&quot;335559685&quot;:0,&quot;335559731&quot;:0,&quot;335559737&quot;:0,&quot;335562764&quot;:2,&quot;335562765&quot;:1.2,&quot;335562766&quot;:4,&quot;335562767&quot;:5,&quot;335562768&quot;:4,&quot;335562769&quot;:0}\"><span data-usefontface=\"true\" data-contrast=\"none\">&#8211; \u00d6ljypohjainen painov\u00e4ri<\/span>\u200b<\/p>\n<p data-ccp-props=\"{&quot;335551550&quot;:1,&quot;335551620&quot;:1,&quot;335559683&quot;:0,&quot;335559685&quot;:0,&quot;335559731&quot;:0,&quot;335559737&quot;:0,&quot;335562764&quot;:2,&quot;335562765&quot;:1.2,&quot;335562766&quot;:4,&quot;335562767&quot;:5,&quot;335562768&quot;:4,&quot;335562769&quot;:0}\"><span data-usefontface=\"true\" data-contrast=\"none\">&#8211; Toimitus 5-10 arkip\u00e4iv\u00e4n kuluessa\u200b<\/span>\u200b<\/p>\n<p data-ccp-props=\"{&quot;335551550&quot;:1,&quot;335551620&quot;:1,&quot;335559683&quot;:0,&quot;335559685&quot;:0,&quot;335559731&quot;:0,&quot;335559737&quot;:0,&quot;335562764&quot;:2,&quot;335562765&quot;:1.2,&quot;335562766&quot;:4,&quot;335562767&quot;:5,&quot;335562768&quot;:4,&quot;335562769&quot;:0}\"><i><span data-usefontface=\"true\" data-contrast=\"none\">HUOM. KOSKA JOKAINEN VEDOS ON MONIVAIHEISEN K\u00c4SITY\u00d6N TULOS, PAINATUKSISSA SAATTAA ILMET\u00c4 PIENT\u00c4 VAIHTELUA KESKEN\u00c4\u00c4N.<\/span><\/i>\u200b<\/p>\n<p data-ccp-props=\"{&quot;335551550&quot;:1,&quot;335551620&quot;:1,&quot;335559683&quot;:0,&quot;335559685&quot;:0,&quot;335559731&quot;:0,&quot;335559737&quot;:0,&quot;335562764&quot;:2,&quot;335562765&quot;:1.2,&quot;335562766&quot;:4,&quot;335562767&quot;:5,&quot;335562768&quot;:4,&quot;335562769&quot;:0}\"><i><span data-usefontface=\"true\" data-contrast=\"none\">EI SIS\u00c4LL\u00c4 KEHYKSI\u00c4.<\/span><\/i>\u200b<\/p>\n","protected":false},"excerpt":{"rendered":"<p data-ccp-props=\"{&quot;335551550&quot;:1,&quot;335551620&quot;:1,&quot;335559683&quot;:0,&quot;335559685&quot;:0,&quot;335559731&quot;:0,&quot;335559737&quot;:0,&quot;335562764&quot;:2,&quot;335562765&quot;:1.2,&quot;335562766&quot;:4,&quot;335562767&quot;:5,&quot;335562768&quot;:4,&quot;335562769&quot;:0}\"><i><span data-usefontface=\"true\" data-contrast=\"none\">VEDOSTETTU 3O KPL RAJOITETTU ER\u00c4<\/span><\/i>\u200b.<\/p>\n<p data-ccp-props=\"{&quot;335551550&quot;:1,&quot;335551620&quot;:1,&quot;335559683&quot;:0,&quot;335559685&quot;:0,&quot;335559731&quot;:0,&quot;335559737&quot;:0,&quot;335562764&quot;:2,&quot;335562765&quot;:1.2,&quot;335562766&quot;:4,&quot;335562767&quot;:5,&quot;335562768&quot;:4,&quot;335562769&quot;:0}\"><i><span data-usefontface=\"true\" data-contrast=\"none\">JOKAINEN VEDOS ON NUMEROITU, KOHOLEIMATTU JA SIGNEERATTU.<\/span><\/i>\u200b<\/p>\n<p data-ccp-props=\"{&quot;335551550&quot;:1,&quot;335551620&quot;:1,&quot;335559683&quot;:0,&quot;335559685&quot;:0,&quot;335559731&quot;:0,&quot;335559737&quot;:0,&quot;335562764&quot;:2,&quot;335562765&quot;:1.2,&quot;335562766&quot;:4,&quot;335562767&quot;:5,&quot;335562768&quot;:4,&quot;335562769&quot;:0}\"><i><span data-usefontface=\"true\" data-contrast=\"none\">MAKSUTON TOIMITUS.<\/span><\/i><\/p>\n<p data-ccp-props=\"{&quot;335551550&quot;:1,&quot;335551620&quot;:1,&quot;335559683&quot;:0,&quot;335559685&quot;:0,&quot;335559731&quot;:0,&quot;335559737&quot;:0,&quot;335562764&quot;:2,&quot;335562765&quot;:1.2,&quot;335562766&quot;:4,&quot;335562767&quot;:5,&quot;335562768&quot;:4,&quot;335562769&quot;:0}\">\u200b<\/p>\n","protected":false},"featured_media":198,"template":"","meta":[],"product_brand":[],"product_cat":[87],"product_tag":[30,31,22],"class_list":{"0":"post-190","1":"product","2":"type-product","3":"status-publish","4":"has-post-thumbnail","6":"product_cat-vedokset","7":"product_tag-blossom","8":"product_tag-puupiirros","9":"product_tag-vedos","11":"first","12":"instock","13":"purchasable","14":"product-type-simple"},"_links":{"self":[{"href":"https:\/\/mustasappi.com\/index.php\/wp-json\/wp\/v2\/product\/190","targetHints":{"allow":["GET"]}}],"collection":[{"href":"https:\/\/mustasappi.com\/index.php\/wp-json\/wp\/v2\/product"}],"about":[{"href":"https:\/\/mustasappi.com\/index.php\/wp-json\/wp\/v2\/types\/product"}],"wp:featuredmedia":[{"embeddable":true,"href":"https:\/\/mustasappi.com\/index.php\/wp-json\/wp\/v2\/media\/198"}],"wp:attachment":[{"href":"https:\/\/mustasappi.com\/index.php\/wp-json\/wp\/v2\/media?parent=190"}],"wp:term":[{"taxonomy":"product_brand","embeddable":true,"href":"https:\/\/mustasappi.com\/index.php\/wp-json\/wp\/v2\/product_brand?post=190"},{"taxonomy":"product_cat","embeddable":true,"href":"https:\/\/mustasappi.com\/index.php\/wp-json\/wp\/v2\/product_cat?post=190"},{"taxonomy":"product_tag","embeddable":true,"href":"https:\/\/mustasappi.com\/index.php\/wp-json\/wp\/v2\/product_tag?post=190"}],"curies":[{"name":"wp","href":"https:\/\/api.w.org\/{rel}","templated":true}]}}