{"id":747,"date":"2023-06-05T22:03:14","date_gmt":"2023-06-05T19:03:14","guid":{"rendered":"https:\/\/mustasappi.com\/?post_type=product&#038;p=747"},"modified":"2025-12-10T09:06:19","modified_gmt":"2025-12-10T07:06:19","slug":"puupiirros-themis","status":"publish","type":"product","link":"https:\/\/mustasappi.com\/index.php\/tuote\/puupiirros-themis\/","title":{"rendered":"PUUPIIRROS &#8211; &#8221;THEMIS&#8221;"},"content":{"rendered":"<p>\u2013 Korkealaatuinen Hanhem\u00fchle paperi, jossa revityt reunat<\/p>\n<p>\u200b\u2013 Koko: A3 (297\u00d7420mm)\u200b<\/p>\n<p>\u200b\u2013 Vedostettu pr\u00e4ssill\u00e4\u200b<\/p>\n<p>\u200b\u2013 \u00d6ljypohjainen painov\u00e4ri\u200b<\/p>\n<p>\u200b\u2013 Toimitus 5-10 arkip\u00e4iv\u00e4n kuluessa\u200b<\/p>\n<p>\u200bHUOM. KOSKA JOKAINEN VEDOS ON MONIVAIHEISEN K\u00c4SITY\u00d6N TULOS, PAINATUKSISSA SAATTAA ILMET\u00c4 PIENT\u00c4 VAIHTELUA KESKEN\u00c4\u00c4N.<\/p>\n<p>EI SIS\u00c4LL\u00c4 KEHYKSI\u00c4.<\/p>\n","protected":false},"excerpt":{"rendered":"<p><!--more--><em>VEDOSTETTU 5O KPL RAJOITETTU ER\u00c4\u200b.<\/em><\/p>\n<p><em>JOKAINEN VEDOS ON NUMEROITU, KOHOLEIMATTU JA SIGNEERATTU\u200b.<\/em><\/p>\n<p><em>MAKSUTON TOIMITUS.<\/em><\/p>\n","protected":false},"featured_media":748,"template":"","meta":[],"product_brand":[],"product_cat":[87],"product_tag":[31,59,22],"class_list":{"0":"post-747","1":"product","2":"type-product","3":"status-publish","4":"has-post-thumbnail","6":"product_cat-vedokset","7":"product_tag-puupiirros","8":"product_tag-themis","9":"product_tag-vedos","11":"first","12":"instock","13":"purchasable","14":"product-type-simple"},"_links":{"self":[{"href":"https:\/\/mustasappi.com\/index.php\/wp-json\/wp\/v2\/product\/747","targetHints":{"allow":["GET"]}}],"collection":[{"href":"https:\/\/mustasappi.com\/index.php\/wp-json\/wp\/v2\/product"}],"about":[{"href":"https:\/\/mustasappi.com\/index.php\/wp-json\/wp\/v2\/types\/product"}],"wp:featuredmedia":[{"embeddable":true,"href":"https:\/\/mustasappi.com\/index.php\/wp-json\/wp\/v2\/media\/748"}],"wp:attachment":[{"href":"https:\/\/mustasappi.com\/index.php\/wp-json\/wp\/v2\/media?parent=747"}],"wp:term":[{"taxonomy":"product_brand","embeddable":true,"href":"https:\/\/mustasappi.com\/index.php\/wp-json\/wp\/v2\/product_brand?post=747"},{"taxonomy":"product_cat","embeddable":true,"href":"https:\/\/mustasappi.com\/index.php\/wp-json\/wp\/v2\/product_cat?post=747"},{"taxonomy":"product_tag","embeddable":true,"href":"https:\/\/mustasappi.com\/index.php\/wp-json\/wp\/v2\/product_tag?post=747"}],"curies":[{"name":"wp","href":"https:\/\/api.w.org\/{rel}","templated":true}]}}