{"id":888,"date":"2023-11-24T00:00:19","date_gmt":"2023-11-23T22:00:19","guid":{"rendered":"https:\/\/mustasappi.com\/?post_type=product&#038;p=888"},"modified":"2024-02-13T21:02:11","modified_gmt":"2024-02-13T19:02:11","slug":"match-2-0","status":"publish","type":"product","link":"https:\/\/mustasappi.com\/index.php\/tuote\/match-2-0\/","title":{"rendered":"MATCH 2.0"},"content":{"rendered":"<p>\u200b- Korkealaatuinen\u00a0Hanhem\u00fchle\u00a0paperi, jossa revityt reunat.\u200b<\/p>\n<p>\u200b- Koko: &#8221;SPIT&#8221; 50X50cm ja &#8221;BLOSSOM&#8221; A4 (210x297mm)\u200b<\/p>\n<p>\u200b- Vedostettu k\u00e4sin\/pr\u00e4ssill\u00e4\u200b<\/p>\n<p>\u200b- \u00d6ljypohjainen painov\u00e4ri\u200b<\/p>\n<p>\u200b- Toimitus 5-10 arkip\u00e4iv\u00e4n kuluessa\u200b<\/p>\n<p>\u200bHUOM. KOSKA JOKAINEN VEDOS ON MONIVAIHEISEN K\u00c4SITY\u00d6N TULOS, PAINATUKSISSA SAATTAA ILMET\u00c4 PIENT\u00c4 VAIHTELUA KESKEN\u00c4\u00c4N.\u200b<\/p>\n<p>EI SIS\u00c4LL\u00c4 KEHYKSI\u00c4<\/p>\n","protected":false},"excerpt":{"rendered":"<p>MATCH 2.0 SIS\u00c4LT\u00c4\u00c4 &#8221;SPIT&#8221; JA &#8221;BLOSSOM&#8221; PUUPIIRROSVEDOKSEN.<\/p>\n<p>VEDOSTETTU RAJOITETTU ER\u00c4\u200b.<\/p>\n<p>JOKAINEN VEDOS ON NUMEROITU, KOHOLEIMATTU JA SIGNEERATTU\u200b.<\/p>\n<p>MAKSUTON TOIMITUS.<\/p>\n","protected":false},"featured_media":889,"template":"","meta":[],"product_brand":[],"product_cat":[16],"product_tag":[30,71,73,31,33,65],"class_list":{"0":"post-888","1":"product","2":"type-product","3":"status-publish","4":"has-post-thumbnail","6":"product_cat-muut","7":"product_tag-blossom","8":"product_tag-match","9":"product_tag-match-2","10":"product_tag-puupiirros","11":"product_tag-spit","12":"product_tag-taidegrafiikka","14":"first","15":"outofstock","16":"sale","17":"taxable","18":"shipping-taxable","19":"purchasable","20":"product-type-simple"},"_links":{"self":[{"href":"https:\/\/mustasappi.com\/index.php\/wp-json\/wp\/v2\/product\/888","targetHints":{"allow":["GET"]}}],"collection":[{"href":"https:\/\/mustasappi.com\/index.php\/wp-json\/wp\/v2\/product"}],"about":[{"href":"https:\/\/mustasappi.com\/index.php\/wp-json\/wp\/v2\/types\/product"}],"wp:featuredmedia":[{"embeddable":true,"href":"https:\/\/mustasappi.com\/index.php\/wp-json\/wp\/v2\/media\/889"}],"wp:attachment":[{"href":"https:\/\/mustasappi.com\/index.php\/wp-json\/wp\/v2\/media?parent=888"}],"wp:term":[{"taxonomy":"product_brand","embeddable":true,"href":"https:\/\/mustasappi.com\/index.php\/wp-json\/wp\/v2\/product_brand?post=888"},{"taxonomy":"product_cat","embeddable":true,"href":"https:\/\/mustasappi.com\/index.php\/wp-json\/wp\/v2\/product_cat?post=888"},{"taxonomy":"product_tag","embeddable":true,"href":"https:\/\/mustasappi.com\/index.php\/wp-json\/wp\/v2\/product_tag?post=888"}],"curies":[{"name":"wp","href":"https:\/\/api.w.org\/{rel}","templated":true}]}}