{"id":903,"date":"2023-11-24T00:00:55","date_gmt":"2023-11-23T22:00:55","guid":{"rendered":"https:\/\/mustasappi.com\/?post_type=product&#038;p=903"},"modified":"2025-10-22T18:53:31","modified_gmt":"2025-10-22T15:53:31","slug":"collegepaita-the-flower","status":"publish","type":"product","link":"https:\/\/mustasappi.com\/index.php\/tuote\/collegepaita-the-flower\/","title":{"rendered":"[SOLD OUT]"},"content":{"rendered":"<p>COLLEGEPAITA &#8211; THE FLOWER<\/p>\n<p>&#8211; Unisex oversized-malli<\/p>\n<p>&#8211; Painatus sel\u00e4ss\u00e4<\/p>\n<p>&#8211; Vastuullisesti tuotettu<\/p>\n<p>&#8211; Materiaali French Terry, 100 % GOTS-sertifioitu luomupuuvilla<\/p>\n<p>&#8211; Kest\u00e4v\u00e4 rakenne, vahvuus 400 g\/m2<\/p>\n<p>&#8211; Maksuton toimitus 5-10 arkip\u00e4iv\u00e4ss\u00e4<\/p>\n","protected":false},"excerpt":{"rendered":"<p>COLLEGEPAITA &#8211; THE FLOWER &#8211; Unisex oversized-malli &#8211; Painatus sel\u00e4ss\u00e4 &#8211; Vastuullisesti tuotettu &#8211; Materiaali French Terry, 100 % GOTS-sertifioitu luomupuuvilla &#8211; Kest\u00e4v\u00e4 rakenne, vahvuus 400 g\/m2 &#8211; Maksuton toimitus 5-10 arkip\u00e4iv\u00e4ss\u00e4<\/p>\n","protected":false},"featured_media":892,"template":"","meta":[],"product_brand":[],"product_cat":[18],"product_tag":[74,75,61,62],"class_list":{"0":"post-903","1":"product","2":"type-product","3":"status-publish","4":"has-post-thumbnail","6":"product_cat-vaatteet","7":"product_tag-college","8":"product_tag-collegepaita","9":"product_tag-paita","10":"product_tag-sappipaita","12":"first","13":"instock","14":"featured","15":"virtual","16":"taxable","17":"product-type-simple"},"_links":{"self":[{"href":"https:\/\/mustasappi.com\/index.php\/wp-json\/wp\/v2\/product\/903","targetHints":{"allow":["GET"]}}],"collection":[{"href":"https:\/\/mustasappi.com\/index.php\/wp-json\/wp\/v2\/product"}],"about":[{"href":"https:\/\/mustasappi.com\/index.php\/wp-json\/wp\/v2\/types\/product"}],"wp:featuredmedia":[{"embeddable":true,"href":"https:\/\/mustasappi.com\/index.php\/wp-json\/wp\/v2\/media\/892"}],"wp:attachment":[{"href":"https:\/\/mustasappi.com\/index.php\/wp-json\/wp\/v2\/media?parent=903"}],"wp:term":[{"taxonomy":"product_brand","embeddable":true,"href":"https:\/\/mustasappi.com\/index.php\/wp-json\/wp\/v2\/product_brand?post=903"},{"taxonomy":"product_cat","embeddable":true,"href":"https:\/\/mustasappi.com\/index.php\/wp-json\/wp\/v2\/product_cat?post=903"},{"taxonomy":"product_tag","embeddable":true,"href":"https:\/\/mustasappi.com\/index.php\/wp-json\/wp\/v2\/product_tag?post=903"}],"curies":[{"name":"wp","href":"https:\/\/api.w.org\/{rel}","templated":true}]}}